{"id":2702,"date":"2021-08-12T14:43:45","date_gmt":"2021-08-12T11:43:45","guid":{"rendered":"https:\/\/odyocell.com.tr\/%d8%b4%d8%b1%d8%a7%db%8c%d8%b7-%d9%88-%d8%b6%d9%88%d8%a7%d8%a8%d8%b7\/"},"modified":"2021-08-12T14:43:45","modified_gmt":"2021-08-12T11:43:45","slug":"%d8%b4%d8%b1%d8%a7%db%8c%d8%b7-%d9%88-%d8%b6%d9%88%d8%a7%d8%a8%d8%b7","status":"publish","type":"page","link":"https:\/\/odyocell.com.tr\/fa\/%d8%b4%d8%b1%d8%a7%db%8c%d8%b7-%d9%88-%d8%b6%d9%88%d8%a7%d8%a8%d8%b7\/","title":{"rendered":"\u0634\u0631\u0627\u06cc\u0637 \u0648 \u0636\u0648\u0627\u0628\u0637"},"content":{"rendered":"<h3>Sepet Bilgisi<\/h3>\n<p><strong>Sepet \u0130\u00e7eri\u011fi ve Toplam\u0131 :<\/strong> [sepet-tutar]<\/p>\n<p><strong>Sipari\u015f Tarihi :<\/strong> [tarih]<\/p>\n<h3>NOT: Kullan\u0131c\u0131 ile ilgili bilgiler sadece kullan\u0131c\u0131 giri\u015fi yap\u0131m\u0131\u015f ise \u00e7al\u0131\u015fcakt\u0131r.<\/h3>\n<h3>Kullan\u0131c\u0131 Bilgileri<\/h3>\n<p><strong>Kullan\u0131c\u0131 Ad\u0131 :<\/strong> [kullanici-adi]<\/p>\n<p><strong>T.C Kimlik No :<\/strong> [tc-no]<\/p>\n<p><strong>Telefon Numaras\u0131 : <\/strong>[telefon-no]<\/p>\n<p><strong>E-posta Adresi : <\/strong>[e-posta-adresi]<\/p>\n<h3>Fatura Bilgileri<\/h3>\n<p><strong>Faturadaki \u0130sim :<\/strong> [fatura-kullanici-adi]<\/p>\n<p><strong>Fatura Firma \u0130smi :<\/strong> [fatura-firma-adi]<\/p>\n<p><strong>Fatura Adresi :<\/strong> [fatura-adresi]<\/p>\n<h3>Kargo Bilgileri<\/h3>\n<p><strong>Kargo Teslim Alacak Ki\u015fi :<\/strong> [kargo-kullanici-adi]<\/p>\n<p><strong>Kargo Firma \u0130smi :<\/strong> [kargo-firma-adi]<\/p>\n<p><strong>Kargo Adresi :<\/strong> [kargo-adresi]<\/p>\n","protected":false},"excerpt":{"rendered":"<p>Sepet Bilgisi Sepet \u0130\u00e7eri\u011fi ve Toplam\u0131 : [sepet-tutar] Sipari\u015f Tarihi : [tarih] NOT: Kullan\u0131c\u0131 ile ilgili bilgiler sadece kullan\u0131c\u0131 giri\u015fi yap\u0131m\u0131\u015f ise \u00e7al\u0131\u015fcakt\u0131r. Kullan\u0131c\u0131 Bilgileri Kullan\u0131c\u0131 Ad\u0131 : [kullanici-adi] T.C Kimlik No : [tc-no] Telefon Numaras\u0131 : [telefon-no] E-posta Adresi : [e-posta-adresi] Fatura Bilgileri Faturadaki \u0130sim : [fatura-kullanici-adi] Fatura Firma \u0130smi : [fatura-firma-adi] Fatura Adresi [&hellip;]<\/p>\n","protected":false},"author":1,"featured_media":0,"parent":0,"menu_order":26,"comment_status":"closed","ping_status":"closed","template":"page-sozlesmeler.php","meta":{"_acf_changed":false,"footnotes":""},"class_list":["post-2702","page","type-page","status-publish","hentry"],"acf":[],"_links":{"self":[{"href":"https:\/\/odyocell.com.tr\/fa\/wp-json\/wp\/v2\/pages\/2702","targetHints":{"allow":["GET"]}}],"collection":[{"href":"https:\/\/odyocell.com.tr\/fa\/wp-json\/wp\/v2\/pages"}],"about":[{"href":"https:\/\/odyocell.com.tr\/fa\/wp-json\/wp\/v2\/types\/page"}],"author":[{"embeddable":true,"href":"https:\/\/odyocell.com.tr\/fa\/wp-json\/wp\/v2\/users\/1"}],"replies":[{"embeddable":true,"href":"https:\/\/odyocell.com.tr\/fa\/wp-json\/wp\/v2\/comments?post=2702"}],"version-history":[{"count":0,"href":"https:\/\/odyocell.com.tr\/fa\/wp-json\/wp\/v2\/pages\/2702\/revisions"}],"wp:attachment":[{"href":"https:\/\/odyocell.com.tr\/fa\/wp-json\/wp\/v2\/media?parent=2702"}],"curies":[{"name":"wp","href":"https:\/\/api.w.org\/{rel}","templated":true}]}}